{"id":129,"date":"2017-10-31T05:21:08","date_gmt":"2017-10-31T05:21:08","guid":{"rendered":"http:\/\/sk-webservices.com\/theme\/patelproperty\/?page_id=129"},"modified":"2026-04-17T03:06:18","modified_gmt":"2026-04-17T06:06:18","slug":"ubicacion","status":"publish","type":"page","link":"https:\/\/icom.cl\/brown\/ubicacion\/","title":{"rendered":"Ubicaci\u00f3n"},"content":{"rendered":"<p>[vc_row css=&#8221;.vc_custom_1542200476962{margin-top: -60px !important;margin-bottom: 20px !important;}&#8221;][vc_column]<div class=\"title\"><h2 style=\"color:\" class=\"head-fancy\">Entorno<span> <\/span><\/h2><\/div>[\/vc_column][\/vc_row][vc_row css=&#8221;.vc_custom_1562861882238{margin-left: -15px !important;padding-left: -15px !important;}&#8221;][vc_column width=&#8221;2\/3&#8243; css=&#8221;.vc_custom_1524170458761{padding-left: -15px !important;}&#8221;][vc_single_image image=&#8221;1636&#8243; img_size=&#8221;full&#8221;][\/vc_column][vc_column width=&#8221;1\/3&#8243;][vc_single_image image=&#8221;1318&#8243; img_size=&#8221;full&#8221;][\/vc_column][\/vc_row][vc_row][vc_column][vc_column_text]<br \/>\n[\/vc_column_text][\/vc_column][\/vc_row][vc_row css=&#8221;.vc_custom_1523901235107{margin-top: -60px !important;margin-bottom: 20px !important;}&#8221;][vc_column]<div class=\"title\"><h2 style=\"color:\" class=\"head-fancy\">Vis\u00edtanos<span> <\/span><\/h2><\/div>[\/vc_column][\/vc_row][vc_row css=&#8221;.vc_custom_1564687299577{margin-top: 0px !important;margin-bottom: 30px !important;}&#8221;][vc_column width=&#8221;1\/3&#8243; css=&#8221;.vc_custom_1515184367923{margin-left: 30px !important;}&#8221;][vc_empty_space][vc_empty_space][vc_column_text css=&#8221;.vc_custom_1776405966360{padding-left: 10px !important;}&#8221;]<\/p>\n<div class=\"agent-connected\">\n<p><i class=\"fa fa-map-marker\" aria-hidden=\"true\"><\/i><strong>Direcci\u00f3n Proyecto:<\/strong><br \/>\n<a href=\"https:\/\/www.google.cl\/maps\/place\/Brown+Sur+41,+%C3%91u%C3%B1oa,+Regi%C3%B3n+Metropolitana\/@-33.455592,-70.5943017,17z\/data=!3m1!4b1!4m5!3m4!1s0x9662cfbf2c8e1f21:0x2afddbe7fddf8ff9!8m2!3d-33.455592!4d-70.592113\" target=\"_blank\" rel=\"noopener noreferrer\"><span style=\"color: #000080;\">Brown Sur 41,\u00a0\u00d1u\u00f1oa<\/span><\/a><\/p>\n<\/div>\n<div class=\"agent-connected\">\n<p><i class=\"fa fa-flag\" aria-hidden=\"true\"><\/i><strong>Centro de Atenci\u00f3n:<\/strong><br \/>\n<a href=\"https:\/\/maps.app.goo.gl\/AwTN1nPqZDQXeLqo7\" target=\"_blank\" rel=\"noopener noreferrer\"><span style=\"color: #000080;\">San Eugenio 1485, \u00d1u\u00f1oa<\/span><\/a><br \/>\nMetro \u00d1uble (L6, L5)<\/p>\n<\/div>\n<div><\/div>\n<div class=\"agent-connected\"><i class=\"fa fa-phone\" aria-hidden=\"true\"><\/i>+569 7794 3635<br \/>\n+569 7790 6275<\/div>\n<div><\/div>\n<div><\/div>\n<div class=\"agent-connected\"><i class=\"fa fa-clock-o\" aria-hidden=\"true\"><\/i> <strong>Horario de Atenci\u00f3n:<\/strong><br \/>\nLunes a S\u00e1bado<br \/>\n09:00 a 18:00 hrs.<br \/>\nEstacionamientos disponibles<\/div>\n<p>[\/vc_column_text][\/vc_column][vc_column width=&#8221;4\/6&#8243;][vc_empty_space height=&#8221;12px&#8221;]<div class=\"owl-carousel owl-theme\" data-items=\"1\" data-tablet=\"1\" data-mobile=\"1\" data-nav=\"1\" data-dots=\"0\" data-autoplay=\"1\" data-speed=\"1000\" data-autotime=\"3000\"><div class=\"item\"><img src=\"https:\/\/icom.cl\/brown\/wp-content\/uploads\/2021\/06\/VISTA-AEREA.jpg\" alt=\"Service Slider\"><\/div><div class=\"item\"><img src=\"https:\/\/icom.cl\/brown\/wp-content\/uploads\/2021\/06\/VISTA-AEREA-2.jpg\" alt=\"Service Slider\"><\/div><div class=\"item\"><img src=\"https:\/\/icom.cl\/brown\/wp-content\/uploads\/2021\/06\/PLAZA.jpg\" alt=\"Service Slider\"><\/div><div class=\"item\"><img src=\"https:\/\/icom.cl\/brown\/wp-content\/uploads\/2021\/06\/MUNICIPALIDAD.jpg\" alt=\"Service Slider\"><\/div><div class=\"item\"><img src=\"https:\/\/icom.cl\/brown\/wp-content\/uploads\/2021\/06\/METRO.jpg\" alt=\"Service Slider\"><\/div><div class=\"item\"><img src=\"https:\/\/icom.cl\/brown\/wp-content\/uploads\/2021\/06\/MALL.jpg\" alt=\"Service Slider\"><\/div><div class=\"item\"><img src=\"https:\/\/icom.cl\/brown\/wp-content\/uploads\/2021\/06\/12.jpg\" alt=\"Service Slider\"><\/div><div class=\"item\"><img src=\"https:\/\/icom.cl\/brown\/wp-content\/uploads\/2021\/06\/4.jpg\" alt=\"Service Slider\"><\/div><div class=\"item\"><img src=\"https:\/\/icom.cl\/brown\/wp-content\/uploads\/2021\/06\/3.jpg\" alt=\"Service Slider\"><\/div><\/div>[\/vc_column][\/vc_row]<\/p>\n","protected":false},"excerpt":{"rendered":"<p>[vc_row css=&#8221;.vc_custom_1542200476962{margin-top: -60px !important;margin-bottom: 20px !important;}&#8221;][vc_column][\/vc_column][\/vc_row][vc_row css=&#8221;.vc_custom_1562861882238{margin-left: -15px !important;padding-left: -15px !important;}&#8221;][vc_column width=&#8221;2\/3&#8243; css=&#8221;.vc_custom_1524170458761{padding-left: -15px !important;}&#8221;][vc_single_image image=&#8221;1636&#8243; img_size=&#8221;full&#8221;][\/vc_column][vc_column width=&#8221;1\/3&#8243;][vc_single_image image=&#8221;1318&#8243; img_size=&#8221;full&#8221;][\/vc_column][\/vc_row][vc_row][vc_column][vc_column_text] [\/vc_column_text][\/vc_column][\/vc_row][vc_row css=&#8221;.vc_custom_1523901235107{margin-top: -60px !important;margin-bottom: 20px !important;}&#8221;][vc_column][\/vc_column][\/vc_row][vc_row css=&#8221;.vc_custom_1564687299577{margin-top: 0px !important;margin-bottom: 30px !important;}&#8221;][vc_column width=&#8221;1\/3&#8243; css=&#8221;.vc_custom_1515184367923{margin-left: 30px !important;}&#8221;][vc_empty_space][vc_empty_space][vc_column_text css=&#8221;.vc_custom_1776405966360{padding-left: 10px !important;}&#8221;] Direcci\u00f3n Proyecto: Brown Sur 41,\u00a0\u00d1u\u00f1oa Centro de Atenci\u00f3n: San Eugenio 1485, \u00d1u\u00f1oa Metro \u00d1uble (L6, L5) +569 [&hellip;]<\/p>\n","protected":false},"author":1,"featured_media":1412,"parent":0,"menu_order":0,"comment_status":"closed","ping_status":"closed","template":"","meta":{"content-type":""},"_links":{"self":[{"href":"https:\/\/icom.cl\/brown\/wp-json\/wp\/v2\/pages\/129"}],"collection":[{"href":"https:\/\/icom.cl\/brown\/wp-json\/wp\/v2\/pages"}],"about":[{"href":"https:\/\/icom.cl\/brown\/wp-json\/wp\/v2\/types\/page"}],"author":[{"embeddable":true,"href":"https:\/\/icom.cl\/brown\/wp-json\/wp\/v2\/users\/1"}],"replies":[{"embeddable":true,"href":"https:\/\/icom.cl\/brown\/wp-json\/wp\/v2\/comments?post=129"}],"version-history":[{"count":8,"href":"https:\/\/icom.cl\/brown\/wp-json\/wp\/v2\/pages\/129\/revisions"}],"predecessor-version":[{"id":2069,"href":"https:\/\/icom.cl\/brown\/wp-json\/wp\/v2\/pages\/129\/revisions\/2069"}],"wp:featuredmedia":[{"embeddable":true,"href":"https:\/\/icom.cl\/brown\/wp-json\/wp\/v2\/media\/1412"}],"wp:attachment":[{"href":"https:\/\/icom.cl\/brown\/wp-json\/wp\/v2\/media?parent=129"}],"curies":[{"name":"wp","href":"https:\/\/api.w.org\/{rel}","templated":true}]}}